{"id":520,"date":"2016-03-08T11:20:30","date_gmt":"2016-03-08T11:20:30","guid":{"rendered":"https:\/\/demo.ovatheme.com\/fable_client\/?page_id=520"},"modified":"2025-02-05T20:23:32","modified_gmt":"2025-02-05T18:23:32","slug":"menuu","status":"publish","type":"page","link":"https:\/\/www.kolhethi.ee\/en\/menuu\/","title":{"rendered":"Menu"},"content":{"rendered":"<section class=\"wpb-content-wrapper\"><section data-vc-parallax=\"1.5\" data-vc-parallax-image=\"https:\/\/www.kolhethi.ee\/wp-content\/uploads\/2024\/10\/265448902_4996733560371505_1231267636215958586_n.jpg\" class=\"vc_row wpb_row vc_row-fluid vc_general vc_parallax vc_parallax-content-moving\" style=\"color: \"><div class=\"patter_bg\" style=\"background-color:rgba(17,17,17,0.7)\" ><\/div><div class=\"container\"><div class=\"row\"><div class=\"wpb_column vc_column_container vc_col-sm-12 vc_col-lg-offset-1 vc_col-lg-10 vc_col-md-offset-1 vc_col-md-10 vc_col-has-fill\"><div class=\"vc_column-inner vc_custom_1456823457670\"><div class=\"wpb_wrapper\"><div class=\"text-center hero-text white\"><span class=\"comic-text wow fadeIn\">Our menu<\/span><h2 class=\"section-title  wow bounceIn white\">FOOD AND DRINKS<\/h2><p class=\"wow fadeInUp hero-text\">Khachapuri, kharcho, lobio, khinkali, and other delicacies have been brought to Estonia from Georgia by our chef, Manana Keburia.<\/p><\/div><\/div><\/div><\/div><\/div><\/div><\/section><section class=\"vc_row wpb_row vc_row-fluid section-white no-padding-bottom\" style=\"color: \"><div class=\"container\"><div class=\"row\"><div class=\"wpb_column vc_column_container vc_col-sm-12\"><div class=\"vc_column-inner\"><div class=\"wpb_wrapper\">\n\t<div class=\"wpb_text_column wpb_content_element\" >\n\t\t<div class=\"wpb_wrapper\">\n\t\t\t<p>EST<\/p>\n\n\t\t<\/div>\n\t<\/div>\n\n\t<div  class=\"wpb_single_image wpb_content_element vc_align_center\">\n\t\t\n\t\t<figure class=\"wpb_wrapper vc_figure\">\n\t\t\t<a href=\"https:\/\/www.kolhethi.ee\/wp-content\/uploads\/2024\/10\/453097252_1021277959997809_4422605503231681969_n-1024x826.jpg\" target=\"_blank\" class=\"vc_single_image-wrapper vc_box_rounded  vc_box_border_grey\"><img loading=\"lazy\" decoding=\"async\" width=\"1264\" height=\"1020\" src=\"https:\/\/www.kolhethi.ee\/wp-content\/uploads\/2024\/10\/453097252_1021277959997809_4422605503231681969_n.jpg\" class=\"vc_single_image-img attachment-full\" alt=\"\" title=\"453097252_1021277959997809_4422605503231681969_n\" srcset=\"https:\/\/www.kolhethi.ee\/wp-content\/uploads\/2024\/10\/453097252_1021277959997809_4422605503231681969_n.jpg 1264w, https:\/\/www.kolhethi.ee\/wp-content\/uploads\/2024\/10\/453097252_1021277959997809_4422605503231681969_n-600x484.jpg 600w, https:\/\/www.kolhethi.ee\/wp-content\/uploads\/2024\/10\/453097252_1021277959997809_4422605503231681969_n-300x242.jpg 300w, https:\/\/www.kolhethi.ee\/wp-content\/uploads\/2024\/10\/453097252_1021277959997809_4422605503231681969_n-1024x826.jpg 1024w, https:\/\/www.kolhethi.ee\/wp-content\/uploads\/2024\/10\/453097252_1021277959997809_4422605503231681969_n-768x620.jpg 768w\" sizes=\"auto, (max-width: 1264px) 100vw, 1264px\" \/><\/a>\n\t\t<\/figure>\n\t<\/div>\n<div class=\"vc_empty_space\"   style=\"height: 12px\"><span class=\"vc_empty_space_inner\"><\/span><\/div>\n\t<div  class=\"wpb_single_image wpb_content_element vc_align_center\">\n\t\t\n\t\t<figure class=\"wpb_wrapper vc_figure\">\n\t\t\t<a href=\"https:\/\/www.kolhethi.ee\/wp-content\/uploads\/2024\/10\/453259701_1021278006664471_8403584752236854761_n-1024x826.jpg\" target=\"_blank\" class=\"vc_single_image-wrapper vc_box_rounded  vc_box_border_grey\"><img loading=\"lazy\" decoding=\"async\" width=\"1264\" height=\"1020\" src=\"https:\/\/www.kolhethi.ee\/wp-content\/uploads\/2024\/10\/453259701_1021278006664471_8403584752236854761_n.jpg\" class=\"vc_single_image-img attachment-full\" alt=\"\" title=\"453259701_1021278006664471_8403584752236854761_n\" srcset=\"https:\/\/www.kolhethi.ee\/wp-content\/uploads\/2024\/10\/453259701_1021278006664471_8403584752236854761_n.jpg 1264w, https:\/\/www.kolhethi.ee\/wp-content\/uploads\/2024\/10\/453259701_1021278006664471_8403584752236854761_n-600x484.jpg 600w, https:\/\/www.kolhethi.ee\/wp-content\/uploads\/2024\/10\/453259701_1021278006664471_8403584752236854761_n-300x242.jpg 300w, https:\/\/www.kolhethi.ee\/wp-content\/uploads\/2024\/10\/453259701_1021278006664471_8403584752236854761_n-1024x826.jpg 1024w, https:\/\/www.kolhethi.ee\/wp-content\/uploads\/2024\/10\/453259701_1021278006664471_8403584752236854761_n-768x620.jpg 768w\" sizes=\"auto, (max-width: 1264px) 100vw, 1264px\" \/><\/a>\n\t\t<\/figure>\n\t<\/div>\n\n\t<div class=\"wpb_text_column wpb_content_element\" >\n\t\t<div class=\"wpb_wrapper\">\n\t\t\t<p>ENG<\/p>\n\n\t\t<\/div>\n\t<\/div>\n\n\t<div  class=\"wpb_single_image wpb_content_element vc_align_center\">\n\t\t\n\t\t<figure class=\"wpb_wrapper vc_figure\">\n\t\t\t<a href=\"https:\/\/www.kolhethi.ee\/wp-content\/uploads\/2024\/10\/2405_restoran_Kolhethi_MENYY_ENG_436x350bl5mm_FINAL-3-1024x822.png\" target=\"_blank\" class=\"vc_single_image-wrapper vc_box_rounded  vc_box_border_grey\"><img loading=\"lazy\" decoding=\"async\" width=\"3434\" height=\"2756\" src=\"https:\/\/www.kolhethi.ee\/wp-content\/uploads\/2024\/10\/2405_restoran_Kolhethi_MENYY_ENG_436x350bl5mm_FINAL-3.png\" class=\"vc_single_image-img attachment-full\" alt=\"\" title=\"2405_restoran_Kolhethi_MENYY_ENG_436x350+bl5mm_FINAL-3\" srcset=\"https:\/\/www.kolhethi.ee\/wp-content\/uploads\/2024\/10\/2405_restoran_Kolhethi_MENYY_ENG_436x350bl5mm_FINAL-3.png 3434w, https:\/\/www.kolhethi.ee\/wp-content\/uploads\/2024\/10\/2405_restoran_Kolhethi_MENYY_ENG_436x350bl5mm_FINAL-3-600x482.png 600w, https:\/\/www.kolhethi.ee\/wp-content\/uploads\/2024\/10\/2405_restoran_Kolhethi_MENYY_ENG_436x350bl5mm_FINAL-3-300x241.png 300w, https:\/\/www.kolhethi.ee\/wp-content\/uploads\/2024\/10\/2405_restoran_Kolhethi_MENYY_ENG_436x350bl5mm_FINAL-3-1024x822.png 1024w, https:\/\/www.kolhethi.ee\/wp-content\/uploads\/2024\/10\/2405_restoran_Kolhethi_MENYY_ENG_436x350bl5mm_FINAL-3-768x616.png 768w, https:\/\/www.kolhethi.ee\/wp-content\/uploads\/2024\/10\/2405_restoran_Kolhethi_MENYY_ENG_436x350bl5mm_FINAL-3-1536x1233.png 1536w, https:\/\/www.kolhethi.ee\/wp-content\/uploads\/2024\/10\/2405_restoran_Kolhethi_MENYY_ENG_436x350bl5mm_FINAL-3-2048x1644.png 2048w\" sizes=\"auto, (max-width: 3434px) 100vw, 3434px\" \/><\/a>\n\t\t<\/figure>\n\t<\/div>\n<div class=\"vc_empty_space\"   style=\"height: 12px\"><span class=\"vc_empty_space_inner\"><\/span><\/div>\n\t<div  class=\"wpb_single_image wpb_content_element vc_align_center\">\n\t\t\n\t\t<figure class=\"wpb_wrapper vc_figure\">\n\t\t\t<a href=\"https:\/\/www.kolhethi.ee\/wp-content\/uploads\/2024\/10\/2405_restoran_Kolhethi_MENYY_ENG_436x350bl5mm_FINAL-2-1024x822.png\" target=\"_blank\" class=\"vc_single_image-wrapper vc_box_rounded  vc_box_border_grey\"><img loading=\"lazy\" decoding=\"async\" width=\"3434\" height=\"2756\" src=\"https:\/\/www.kolhethi.ee\/wp-content\/uploads\/2024\/10\/2405_restoran_Kolhethi_MENYY_ENG_436x350bl5mm_FINAL-2.png\" class=\"vc_single_image-img attachment-full\" alt=\"\" title=\"2405_restoran_Kolhethi_MENYY_ENG_436x350+bl5mm_FINAL-2\" srcset=\"https:\/\/www.kolhethi.ee\/wp-content\/uploads\/2024\/10\/2405_restoran_Kolhethi_MENYY_ENG_436x350bl5mm_FINAL-2.png 3434w, https:\/\/www.kolhethi.ee\/wp-content\/uploads\/2024\/10\/2405_restoran_Kolhethi_MENYY_ENG_436x350bl5mm_FINAL-2-600x482.png 600w, https:\/\/www.kolhethi.ee\/wp-content\/uploads\/2024\/10\/2405_restoran_Kolhethi_MENYY_ENG_436x350bl5mm_FINAL-2-300x241.png 300w, https:\/\/www.kolhethi.ee\/wp-content\/uploads\/2024\/10\/2405_restoran_Kolhethi_MENYY_ENG_436x350bl5mm_FINAL-2-1024x822.png 1024w, https:\/\/www.kolhethi.ee\/wp-content\/uploads\/2024\/10\/2405_restoran_Kolhethi_MENYY_ENG_436x350bl5mm_FINAL-2-768x616.png 768w, https:\/\/www.kolhethi.ee\/wp-content\/uploads\/2024\/10\/2405_restoran_Kolhethi_MENYY_ENG_436x350bl5mm_FINAL-2-1536x1233.png 1536w, https:\/\/www.kolhethi.ee\/wp-content\/uploads\/2024\/10\/2405_restoran_Kolhethi_MENYY_ENG_436x350bl5mm_FINAL-2-2048x1644.png 2048w\" sizes=\"auto, (max-width: 3434px) 100vw, 3434px\" \/><\/a>\n\t\t<\/figure>\n\t<\/div>\n<\/div><\/div><\/div><\/div><\/div><\/section>\n<\/section>","protected":false},"excerpt":{"rendered":"Meie men\u00fc\u00fcS\u00d6\u00d6GID JA JOOGIDHat\u0161apurid, hart\u0161o, lobio, hinkalid, jt h\u00f5rgutised on Gruusiast Eestisse toonud meie peakokk, Manana Keburia. EST ENG","protected":false},"author":1,"featured_media":0,"parent":0,"menu_order":0,"comment_status":"closed","ping_status":"closed","template":"templates\/visualcomposer_template.php","meta":{"_uag_custom_page_level_css":"","_glsr_average":0,"_glsr_ranking":0,"_glsr_reviews":0,"footnotes":""},"class_list":["post-520","page","type-page","status-publish","hentry"],"aioseo_notices":[],"uagb_featured_image_src":{"full":false,"thumbnail":false,"medium":false,"medium_large":false,"large":false,"1536x1536":false,"2048x2048":false,"trp-custom-language-flag":false,"woocommerce_thumbnail":false,"woocommerce_single":false,"woocommerce_gallery_thumbnail":false},"uagb_author_info":{"display_name":"KolhethiAdmin","author_link":"https:\/\/www.kolhethi.ee\/en\/author\/kolhethiadmin\/"},"uagb_comment_info":0,"uagb_excerpt":null,"_links":{"self":[{"href":"https:\/\/www.kolhethi.ee\/en\/wp-json\/wp\/v2\/pages\/520","targetHints":{"allow":["GET"]}}],"collection":[{"href":"https:\/\/www.kolhethi.ee\/en\/wp-json\/wp\/v2\/pages"}],"about":[{"href":"https:\/\/www.kolhethi.ee\/en\/wp-json\/wp\/v2\/types\/page"}],"author":[{"embeddable":true,"href":"https:\/\/www.kolhethi.ee\/en\/wp-json\/wp\/v2\/users\/1"}],"replies":[{"embeddable":true,"href":"https:\/\/www.kolhethi.ee\/en\/wp-json\/wp\/v2\/comments?post=520"}],"version-history":[{"count":5,"href":"https:\/\/www.kolhethi.ee\/en\/wp-json\/wp\/v2\/pages\/520\/revisions"}],"predecessor-version":[{"id":1269,"href":"https:\/\/www.kolhethi.ee\/en\/wp-json\/wp\/v2\/pages\/520\/revisions\/1269"}],"wp:attachment":[{"href":"https:\/\/www.kolhethi.ee\/en\/wp-json\/wp\/v2\/media?parent=520"}],"curies":[{"name":"wp","href":"https:\/\/api.w.org\/{rel}","templated":true}]}}